{"id":1755,"date":"2018-01-09T13:50:51","date_gmt":"2018-01-09T12:50:51","guid":{"rendered":"https:\/\/www.nordstahl.com\/titelseite\/"},"modified":"2019-09-20T16:38:29","modified_gmt":"2019-09-20T14:38:29","slug":"titelseite","status":"publish","type":"page","link":"https:\/\/www.nordstahl.com\/de\/","title":{"rendered":"Titelseite"},"content":{"rendered":"<div class=\"wpb-content-wrapper\"><p>[vc_row padding_top_multiplier=&#8220;&#8220; padding_bottom_multiplier=&#8220;&#8220; el_class=&#8220;home_slider&#8220;][vc_column][rev_slider_vc alias=&#8220;homepagina&#8220;][\/vc_column][\/vc_row][vc_row section_type=&#8220;fullwidth&#8220; padding_top_multiplier=&#8220;&#8220; columns_gap=&#8220;15&#8243; el_class=&#8220;full-width home_menu_blokken&#8220;][vc_column width=&#8220;1\/3&#8243;]<div class=\"grve-element grve-image-text menu_blokken grve-layout-2 grve-align-left grve-paraller-wrapper\" style=\"\"><div class=\"grve-image grve-position-left\"><img decoding=\"async\" width=\"1718\" height=\"857\" data-src=\"https:\/\/www.nordstahl.com\/wp-content\/uploads\/2018\/01\/x_voorbeeld.jpg\" class=\"attachment-full size-full lazyload\" alt=\"homepage collection\" data-srcset=\"https:\/\/www.nordstahl.com\/wp-content\/uploads\/2018\/01\/x_voorbeeld.jpg 1718w, https:\/\/www.nordstahl.com\/wp-content\/uploads\/2018\/01\/x_voorbeeld-300x150.jpg 300w, https:\/\/www.nordstahl.com\/wp-content\/uploads\/2018\/01\/x_voorbeeld-768x383.jpg 768w, https:\/\/www.nordstahl.com\/wp-content\/uploads\/2018\/01\/x_voorbeeld-1024x511.jpg 1024w\" data-sizes=\"(max-width: 1718px) 100vw, 1718px\" src=\"data:image\/svg+xml;base64,PHN2ZyB3aWR0aD0iMSIgaGVpZ2h0PSIxIiB4bWxucz0iaHR0cDovL3d3dy53My5vcmcvMjAwMC9zdmciPjwvc3ZnPg==\" style=\"--smush-placeholder-width: 1718px; --smush-placeholder-aspect-ratio: 1718\/857;\" \/><\/div>  <div class=\"grve-content grve-bg-black grve-box-item grve-paraller grve-align-left\" data-limit=\"1x\"><a href=\"https:\/\/www.nordstahl.com\/de\/kollektion\/\" class=\"grve-link-text grve-read-more home_cta\">Kollektion<\/a>  <\/div><\/div>[\/vc_column][vc_column width=&#8220;1\/3&#8243;]<div class=\"grve-element grve-image-text menu_blokken grve-layout-2 grve-align-left grve-paraller-wrapper\" style=\"\"><div class=\"grve-image grve-position-left\"><img decoding=\"async\" width=\"808\" height=\"403\" data-src=\"https:\/\/www.nordstahl.com\/wp-content\/uploads\/2018\/03\/home_inspiratie.jpg\" class=\"attachment-full size-full lazyload\" alt=\"\" data-srcset=\"https:\/\/www.nordstahl.com\/wp-content\/uploads\/2018\/03\/home_inspiratie.jpg 808w, https:\/\/www.nordstahl.com\/wp-content\/uploads\/2018\/03\/home_inspiratie-300x150.jpg 300w, https:\/\/www.nordstahl.com\/wp-content\/uploads\/2018\/03\/home_inspiratie-768x383.jpg 768w\" data-sizes=\"(max-width: 808px) 100vw, 808px\" src=\"data:image\/svg+xml;base64,PHN2ZyB3aWR0aD0iMSIgaGVpZ2h0PSIxIiB4bWxucz0iaHR0cDovL3d3dy53My5vcmcvMjAwMC9zdmciPjwvc3ZnPg==\" style=\"--smush-placeholder-width: 808px; --smush-placeholder-aspect-ratio: 808\/403;\" \/><\/div>  <div class=\"grve-content grve-bg-black grve-box-item grve-paraller grve-align-left\" data-limit=\"1x\"><a href=\"https:\/\/www.nordstahl.com\/de\/inspiration\/\" class=\"grve-link-text grve-read-more home_cta\">Inspiration<\/a>  <\/div><\/div>[\/vc_column][vc_column width=&#8220;1\/3&#8243;]<div class=\"grve-element grve-image-text menu_blokken grve-layout-2 grve-align-left grve-paraller-wrapper\" style=\"\"><div class=\"grve-image grve-position-left\"><img decoding=\"async\" width=\"1718\" height=\"857\" data-src=\"https:\/\/www.nordstahl.com\/wp-content\/uploads\/2018\/01\/Nordstahl_strip_coffeetable_home.jpg\" class=\"attachment-full size-full lazyload\" alt=\"\" data-srcset=\"https:\/\/www.nordstahl.com\/wp-content\/uploads\/2018\/01\/Nordstahl_strip_coffeetable_home.jpg 1718w, https:\/\/www.nordstahl.com\/wp-content\/uploads\/2018\/01\/Nordstahl_strip_coffeetable_home-300x150.jpg 300w, https:\/\/www.nordstahl.com\/wp-content\/uploads\/2018\/01\/Nordstahl_strip_coffeetable_home-768x383.jpg 768w, https:\/\/www.nordstahl.com\/wp-content\/uploads\/2018\/01\/Nordstahl_strip_coffeetable_home-1024x511.jpg 1024w\" data-sizes=\"(max-width: 1718px) 100vw, 1718px\" src=\"data:image\/svg+xml;base64,PHN2ZyB3aWR0aD0iMSIgaGVpZ2h0PSIxIiB4bWxucz0iaHR0cDovL3d3dy53My5vcmcvMjAwMC9zdmciPjwvc3ZnPg==\" style=\"--smush-placeholder-width: 1718px; --smush-placeholder-aspect-ratio: 1718\/857;\" \/><\/div>  <div class=\"grve-content grve-bg-black grve-box-item grve-paraller grve-align-left\" data-limit=\"1x\"><a href=\"https:\/\/www.nordstahl.com\/de\/blog\/\" class=\"grve-link-text grve-read-more home_cta\">Blog<\/a>  <\/div><\/div>[\/vc_column][\/vc_row][vc_row padding_top_multiplier=&#8220;5x&#8220; padding_bottom_multiplier=&#8220;5x&#8220;][vc_column width=&#8220;1\/6&#8243;][\/vc_column][vc_column width=&#8220;2\/3&#8243;][vc_custom_heading text=&#8220;Nordstahl \u2013 Dutch Design&#8220; font_container=&#8220;tag:h1|text_align:left|color:%233c3c3c&#8220; google_fonts=&#8220;font_family:Roboto%20Slab%3A100%2C300%2Cregular%2C700|font_style:700%20bold%20regular%3A700%3Anormal&#8220;][vc_column_text]Die st\u00e4hlernen <a href=\"https:\/\/www.nordstahl.com\/de\/kollektion\/\">Untergestelle<\/a> von Nordstahl sind zeitlos, geschmackvoll und erm\u00f6glichen jahrelanges Wohnvergn\u00fcgen. Die hochwertigen Stahlgestelle passen perfekt zu jedem Einrichtungsstil, von industriell bis skandinavisch. Kombinieren Sie die st\u00e4hlernen Untergestelle mit M\u00f6beln und Designelementen, die Ihr Haus in ein stilvolles und gem\u00fctliches Zuhause verwandeln. Gestalten Sie es so rustikal, modern oder robust, wie Sie m\u00f6chten. Die edlen Stahlgestelle von Nordstahl zeichnen sich durch nat\u00fcrliche Materialien, authentische Details und handwerkliche Verarbeitung aus.[\/vc_column_text][\/vc_column][vc_column width=&#8220;1\/6&#8243;][\/vc_column][\/vc_row]<\/p>\n<\/div>","protected":false},"excerpt":{"rendered":"<p>[vc_row padding_top_multiplier=&#8220;&#8220; padding_bottom_multiplier=&#8220;&#8220; el_class=&#8220;home_slider&#8220;][vc_column][rev_slider_vc alias=&#8220;homepagina&#8220;][\/vc_column][\/vc_row][vc_row section_type=&#8220;fullwidth&#8220; padding_top_multiplier=&#8220;&#8220; columns_gap=&#8220;15&#8243; el_class=&#8220;full-width home_menu_blokken&#8220;][vc_column width=&#8220;1\/3&#8243;][\/vc_column][vc_column width=&#8220;1\/3&#8243;][\/vc_column][vc_column width=&#8220;1\/3&#8243;][\/vc_column][\/vc_row][vc_row padding_top_multiplier=&#8220;5x&#8220; padding_bottom_multiplier=&#8220;5x&#8220;][vc_column width=&#8220;1\/6&#8243;][\/vc_column][vc_column width=&#8220;2\/3&#8243;][vc_custom_heading text=&#8220;Nordstahl \u2013 Dutch Design&#8220; font_container=&#8220;tag:h1|text_align:left|color:%233c3c3c&#8220; google_fonts=&#8220;font_family:Roboto%20Slab%3A100%2C300%2Cregular%2C700|font_style:700%20bold%20regular%3A700%3Anormal&#8220;][vc_column_text]Die st\u00e4hlernen Untergestelle von Nordstahl sind zeitlos, geschmackvoll und erm\u00f6glichen jahrelanges Wohnvergn\u00fcgen. Die hochwertigen Stahlgestelle passen perfekt zu jedem Einrichtungsstil, von industriell bis skandinavisch. Kombinieren Sie die st\u00e4hlernen Untergestelle mit M\u00f6beln und Designelementen, [&hellip;]<\/p>\n","protected":false},"author":1,"featured_media":0,"parent":0,"menu_order":0,"comment_status":"closed","ping_status":"closed","template":"","meta":{"footnotes":""},"categories":[],"tags":[],"class_list":["post-1755","page","type-page","status-publish","hentry"],"_links":{"self":[{"href":"https:\/\/www.nordstahl.com\/de\/wp-json\/wp\/v2\/pages\/1755","targetHints":{"allow":["GET"]}}],"collection":[{"href":"https:\/\/www.nordstahl.com\/de\/wp-json\/wp\/v2\/pages"}],"about":[{"href":"https:\/\/www.nordstahl.com\/de\/wp-json\/wp\/v2\/types\/page"}],"author":[{"embeddable":true,"href":"https:\/\/www.nordstahl.com\/de\/wp-json\/wp\/v2\/users\/1"}],"replies":[{"embeddable":true,"href":"https:\/\/www.nordstahl.com\/de\/wp-json\/wp\/v2\/comments?post=1755"}],"version-history":[{"count":17,"href":"https:\/\/www.nordstahl.com\/de\/wp-json\/wp\/v2\/pages\/1755\/revisions"}],"predecessor-version":[{"id":2698,"href":"https:\/\/www.nordstahl.com\/de\/wp-json\/wp\/v2\/pages\/1755\/revisions\/2698"}],"wp:attachment":[{"href":"https:\/\/www.nordstahl.com\/de\/wp-json\/wp\/v2\/media?parent=1755"}],"wp:term":[{"taxonomy":"category","embeddable":true,"href":"https:\/\/www.nordstahl.com\/de\/wp-json\/wp\/v2\/categories?post=1755"},{"taxonomy":"post_tag","embeddable":true,"href":"https:\/\/www.nordstahl.com\/de\/wp-json\/wp\/v2\/tags?post=1755"}],"curies":[{"name":"wp","href":"https:\/\/api.w.org\/{rel}","templated":true}]}}