{"id":1845,"date":"2018-02-19T11:34:44","date_gmt":"2018-02-19T10:34:44","guid":{"rendered":"https:\/\/www.nordstahl.com\/schliesen-sie-sich-uns-an\/"},"modified":"2018-05-09T21:00:24","modified_gmt":"2018-05-09T19:00:24","slug":"schliesen-sie-sich-uns-an","status":"publish","type":"page","link":"https:\/\/www.nordstahl.com\/de\/schliesen-sie-sich-uns-an\/","title":{"rendered":"Schlie\u00dfen Sie sich uns an!"},"content":{"rendered":"<div class=\"wpb-content-wrapper\"><p>[vc_row padding_bottom_multiplier=&#8220;3x&#8220;][vc_column width=&#8220;1\/2&#8243;][vc_single_image image=&#8220;526&#8243; img_size=&#8220;full&#8220;][\/vc_column][vc_column width=&#8220;1\/2&#8243;][vc_custom_heading text=&#8220;H\u00e4ndler&#8220; font_container=&#8220;tag:h2|text_align:left|color:%233c3c3c&#8220; google_fonts=&#8220;font_family:Roboto%20Slab%3A100%2C300%2Cregular%2C700|font_style:700%20bold%20regular%3A700%3Anormal&#8220;][vc_column_text]<strong>H\u00e4ndler mit Webshop:<\/strong><br \/>\nWir sind innerhalb der EU auf der Suche nach geeigneten Verkaufsstellen mit einem Webshop f\u00fcr unsere Produkte. Verf\u00fcgen Sie \u00fcber einen stilvollen Webshop, in dem Nordstahl gut zur Geltung k\u00e4me, dann kommen wir gerne mit Ihnen in Kontakt. Wir bieten interessante Preise f\u00fcr H\u00e4ndler innerhalb Europas an. Wir liefern Ihnen die Produktfotos f\u00fcr Ihren Webshop und bieten Ihnen M\u00f6glichkeiten f\u00fcr den Direktversand. Wenn Sie sich f\u00fcr unsere Konditionen interessieren, schicken Sie bitte eine E-Mail mit Ihren Unternehmensdaten \/ Ihrer Website an <a href=\"mailto:info@nordstahl.com\" target=\"_blank\" rel=\"noopener\">info@nordstahl.com<\/a>, dann nehmen wir unverz\u00fcglich Kontakt mit Ihnen auf. <\/p>\n<p><strong>H\u00e4ndler mit Ausstellungsraum:<\/strong><br \/>\nNeben Webshops als Verkaufsstellen suchen wir innerhalb der EU auch nach geeigneten Verkaufsstellen mit Ausstellungsraum f\u00fcr unsere Produkte. Wenn Sie \u00fcber einen sch\u00f6nen Laden verf\u00fcgen, m\u00f6chten wir gerne mit Ihnen Kontakt aufnehmen. Wir bieten interessante Preise f\u00fcr H\u00e4ndler innerhalb Europas an. Wenn Sie sich f\u00fcr unsere Konditionen interessieren, schicken Sie bitte eine E-Mail mit Ihren Unternehmensdaten an <a href=\"mailto:info@nordstahl.com\" target=\"_blank\" rel=\"noopener\">info@nordstahl.com<\/a>, dann nehmen wir unverz\u00fcglich Kontakt mit Ihnen auf.[\/vc_column_text][\/vc_column][\/vc_row][vc_row][vc_column width=&#8220;1\/2&#8243;][vc_custom_heading text=&#8220;Tischler&#8220; font_container=&#8220;tag:h2|text_align:left|color:%233c3c3c&#8220; google_fonts=&#8220;font_family:Roboto%20Slab%3A100%2C300%2Cregular%2C700|font_style:700%20bold%20regular%3A700%3Anormal&#8220;][vc_column_text]Wir suchen passionierte Tischler, die gerne mit hochwertigen Produkten arbeiten. Nordstahl bietet eine gro\u00dfe Auswahl an Stahlrahmen f\u00fcr Esstische, Salontische, B\u00e4nke, Schr\u00e4nke und sonstige Wohnaccessoires, mit denen Sie selbst loslegen k\u00f6nnen. Dank unserer Inspirationsseite brauchen Sie keine gro\u00dfen Best\u00e4nde zu verwalten, k\u00f6nnen Ihren Kunden aber trotzdem ein gro\u00dfes Sortiment anbieten. Wir sorgen f\u00fcr das Marketing, und Sie sorgen f\u00fcr ein perfektes Endprodukt. M\u00f6chten Sie gerne mit unseren Produkten arbeiten und ein Icon auf unserer Seite mit Verkaufsstellen bekommen, schicken Sie dann eine E-Mail an <a href=\"mailto:info@nordstahl.com\" target=\"_blank\" rel=\"noopener\">info@nordstahl.com<\/a> f\u00fcr mehr Informationen. Dann nehmen wir unverz\u00fcglich Kontakt mit Ihnen auf.[\/vc_column_text][\/vc_column][vc_column width=&#8220;1\/2&#8243;][vc_single_image image=&#8220;563&#8243; img_size=&#8220;full&#8220;][\/vc_column][\/vc_row][vc_row][vc_column width=&#8220;1\/4&#8243;][\/vc_column][vc_column width=&#8220;1\/2&#8243;][vc_custom_heading text=&#8220;Versand&#8220; font_container=&#8220;tag:h2|text_align:left|color:%233c3c3c&#8220; google_fonts=&#8220;font_family:Roboto%20Slab%3A100%2C300%2Cregular%2C700|font_style:700%20bold%20regular%3A700%3Anormal&#8220;][vc_column_text]Die Produkte von Nordstahl sind zerlegbar und lassen sich dadurch ausgezeichnet \u00fcber Versandunternehmen verschicken. Au\u00dferdem bieten wir Sondertarife f\u00fcr vollst\u00e4ndige Palettenlieferungen an. Neben unserem Standardversand und den M\u00f6glichkeiten zur Abholung ist auch der Direktversand bei uns eine Option. [\/vc_column_text][\/vc_column][vc_column width=&#8220;1\/4&#8243;][\/vc_column][\/vc_row]<\/p>\n<\/div>","protected":false},"excerpt":{"rendered":"<p>[vc_row padding_bottom_multiplier=&#8220;3x&#8220;][vc_column width=&#8220;1\/2&#8243;][vc_single_image image=&#8220;526&#8243; img_size=&#8220;full&#8220;][\/vc_column][vc_column width=&#8220;1\/2&#8243;][vc_custom_heading text=&#8220;H\u00e4ndler&#8220; font_container=&#8220;tag:h2|text_align:left|color:%233c3c3c&#8220; google_fonts=&#8220;font_family:Roboto%20Slab%3A100%2C300%2Cregular%2C700|font_style:700%20bold%20regular%3A700%3Anormal&#8220;][vc_column_text]H\u00e4ndler mit Webshop: Wir sind innerhalb der EU auf der Suche nach geeigneten Verkaufsstellen mit einem Webshop f\u00fcr unsere Produkte. Verf\u00fcgen Sie \u00fcber einen stilvollen Webshop, in dem Nordstahl gut zur Geltung k\u00e4me, dann kommen wir gerne mit Ihnen in Kontakt. Wir bieten interessante Preise f\u00fcr H\u00e4ndler [&hellip;]<\/p>\n","protected":false},"author":1,"featured_media":0,"parent":0,"menu_order":0,"comment_status":"closed","ping_status":"closed","template":"","meta":{"footnotes":""},"categories":[],"tags":[],"class_list":["post-1845","page","type-page","status-publish","hentry"],"_links":{"self":[{"href":"https:\/\/www.nordstahl.com\/de\/wp-json\/wp\/v2\/pages\/1845","targetHints":{"allow":["GET"]}}],"collection":[{"href":"https:\/\/www.nordstahl.com\/de\/wp-json\/wp\/v2\/pages"}],"about":[{"href":"https:\/\/www.nordstahl.com\/de\/wp-json\/wp\/v2\/types\/page"}],"author":[{"embeddable":true,"href":"https:\/\/www.nordstahl.com\/de\/wp-json\/wp\/v2\/users\/1"}],"replies":[{"embeddable":true,"href":"https:\/\/www.nordstahl.com\/de\/wp-json\/wp\/v2\/comments?post=1845"}],"version-history":[{"count":6,"href":"https:\/\/www.nordstahl.com\/de\/wp-json\/wp\/v2\/pages\/1845\/revisions"}],"predecessor-version":[{"id":1851,"href":"https:\/\/www.nordstahl.com\/de\/wp-json\/wp\/v2\/pages\/1845\/revisions\/1851"}],"wp:attachment":[{"href":"https:\/\/www.nordstahl.com\/de\/wp-json\/wp\/v2\/media?parent=1845"}],"wp:term":[{"taxonomy":"category","embeddable":true,"href":"https:\/\/www.nordstahl.com\/de\/wp-json\/wp\/v2\/categories?post=1845"},{"taxonomy":"post_tag","embeddable":true,"href":"https:\/\/www.nordstahl.com\/de\/wp-json\/wp\/v2\/tags?post=1845"}],"curies":[{"name":"wp","href":"https:\/\/api.w.org\/{rel}","templated":true}]}}