{"id":1916,"date":"2018-01-09T13:50:51","date_gmt":"2018-01-09T12:50:51","guid":{"rendered":"https:\/\/www.nordstahl.com\/premiere-page\/"},"modified":"2020-02-18T12:55:49","modified_gmt":"2020-02-18T11:55:49","slug":"premiere-page","status":"publish","type":"page","link":"https:\/\/www.nordstahl.com\/fr\/","title":{"rendered":"Premi\u00e8re page"},"content":{"rendered":"<div class=\"wpb-content-wrapper\"><p>[vc_row padding_top_multiplier=\u00a0\u00bb\u00a0\u00bb padding_bottom_multiplier=\u00a0\u00bb\u00a0\u00bb el_class=\u00a0\u00bbhome_slider\u00a0\u00bb][vc_column][rev_slider_vc alias=\u00a0\u00bbhomepagina\u00a0\u00bb][\/vc_column][\/vc_row][vc_row section_type=\u00a0\u00bbfullwidth\u00a0\u00bb padding_top_multiplier=\u00a0\u00bb\u00a0\u00bb columns_gap=\u00a0\u00bb15&Prime; el_class=\u00a0\u00bbfull-width home_menu_blokken\u00a0\u00bb][vc_column width=\u00a0\u00bb1\/3&Prime;]<div class=\"grve-element grve-image-text menu_blokken grve-layout-2 grve-align-left grve-paraller-wrapper\" style=\"\"><div class=\"grve-image grve-position-left\"><img decoding=\"async\" width=\"1718\" height=\"857\" data-src=\"https:\/\/www.nordstahl.com\/wp-content\/uploads\/2018\/01\/x_voorbeeld.jpg\" class=\"attachment-full size-full lazyload\" alt=\"homepage collection\" data-srcset=\"https:\/\/www.nordstahl.com\/wp-content\/uploads\/2018\/01\/x_voorbeeld.jpg 1718w, https:\/\/www.nordstahl.com\/wp-content\/uploads\/2018\/01\/x_voorbeeld-300x150.jpg 300w, https:\/\/www.nordstahl.com\/wp-content\/uploads\/2018\/01\/x_voorbeeld-768x383.jpg 768w, https:\/\/www.nordstahl.com\/wp-content\/uploads\/2018\/01\/x_voorbeeld-1024x511.jpg 1024w\" data-sizes=\"(max-width: 1718px) 100vw, 1718px\" src=\"data:image\/svg+xml;base64,PHN2ZyB3aWR0aD0iMSIgaGVpZ2h0PSIxIiB4bWxucz0iaHR0cDovL3d3dy53My5vcmcvMjAwMC9zdmciPjwvc3ZnPg==\" style=\"--smush-placeholder-width: 1718px; --smush-placeholder-aspect-ratio: 1718\/857;\" \/><\/div>  <div class=\"grve-content grve-bg-black grve-box-item grve-paraller grve-align-left\" data-limit=\"1x\"><a href=\"https:\/\/www.nordstahl.com\/fr\/page-de-collection\/\" class=\"grve-link-text grve-read-more home_cta\">Collection<\/a>  <\/div><\/div>[\/vc_column][vc_column width=\u00a0\u00bb1\/3&Prime;]<div class=\"grve-element grve-image-text menu_blokken grve-layout-2 grve-align-left grve-paraller-wrapper\" style=\"\"><div class=\"grve-image grve-position-left\"><img decoding=\"async\" width=\"808\" height=\"403\" data-src=\"https:\/\/www.nordstahl.com\/wp-content\/uploads\/2018\/03\/home_inspiratie.jpg\" class=\"attachment-full size-full lazyload\" alt=\"\" data-srcset=\"https:\/\/www.nordstahl.com\/wp-content\/uploads\/2018\/03\/home_inspiratie.jpg 808w, https:\/\/www.nordstahl.com\/wp-content\/uploads\/2018\/03\/home_inspiratie-300x150.jpg 300w, https:\/\/www.nordstahl.com\/wp-content\/uploads\/2018\/03\/home_inspiratie-768x383.jpg 768w\" data-sizes=\"(max-width: 808px) 100vw, 808px\" src=\"data:image\/svg+xml;base64,PHN2ZyB3aWR0aD0iMSIgaGVpZ2h0PSIxIiB4bWxucz0iaHR0cDovL3d3dy53My5vcmcvMjAwMC9zdmciPjwvc3ZnPg==\" style=\"--smush-placeholder-width: 808px; --smush-placeholder-aspect-ratio: 808\/403;\" \/><\/div>  <div class=\"grve-content grve-bg-black grve-box-item grve-paraller grve-align-left\" data-limit=\"1x\"><a href=\"https:\/\/www.nordstahl.com\/fr\/page-dinspiration\/\" class=\"grve-link-text grve-read-more home_cta\">Inspiration<\/a>  <\/div><\/div>[\/vc_column][vc_column width=\u00a0\u00bb1\/3&Prime;]<div class=\"grve-element grve-image-text menu_blokken grve-layout-2 grve-align-left grve-paraller-wrapper\" style=\"\"><div class=\"grve-image grve-position-left\"><img decoding=\"async\" width=\"1718\" height=\"857\" data-src=\"https:\/\/www.nordstahl.com\/wp-content\/uploads\/2018\/01\/Nordstahl_strip_coffeetable_home.jpg\" class=\"attachment-full size-full lazyload\" alt=\"\" data-srcset=\"https:\/\/www.nordstahl.com\/wp-content\/uploads\/2018\/01\/Nordstahl_strip_coffeetable_home.jpg 1718w, https:\/\/www.nordstahl.com\/wp-content\/uploads\/2018\/01\/Nordstahl_strip_coffeetable_home-300x150.jpg 300w, https:\/\/www.nordstahl.com\/wp-content\/uploads\/2018\/01\/Nordstahl_strip_coffeetable_home-768x383.jpg 768w, https:\/\/www.nordstahl.com\/wp-content\/uploads\/2018\/01\/Nordstahl_strip_coffeetable_home-1024x511.jpg 1024w\" data-sizes=\"(max-width: 1718px) 100vw, 1718px\" src=\"data:image\/svg+xml;base64,PHN2ZyB3aWR0aD0iMSIgaGVpZ2h0PSIxIiB4bWxucz0iaHR0cDovL3d3dy53My5vcmcvMjAwMC9zdmciPjwvc3ZnPg==\" style=\"--smush-placeholder-width: 1718px; --smush-placeholder-aspect-ratio: 1718\/857;\" \/><\/div>  <div class=\"grve-content grve-bg-black grve-box-item grve-paraller grve-align-left\" data-limit=\"1x\"><a href=\"https:\/\/www.nordstahl.com\/fr\/blog\/\" class=\"grve-link-text grve-read-more home_cta\">Blog<\/a>  <\/div><\/div>[\/vc_column][\/vc_row][vc_row padding_top_multiplier=\u00a0\u00bb5x\u00a0\u00bb padding_bottom_multiplier=\u00a0\u00bb5x\u00a0\u00bb][vc_column width=\u00a0\u00bb1\/6&Prime;][\/vc_column][vc_column width=\u00a0\u00bb2\/3&Prime;][vc_custom_heading text=\u00a0\u00bbNordstahl &#8211; Dutch Design\u00a0\u00bb font_container=\u00a0\u00bbtag:h1|text_align:left|color:%233c3c3c\u00a0\u00bb google_fonts=\u00a0\u00bbfont_family:Roboto%20Slab%3A100%2C300%2Cregular%2C700|font_style:700%20bold%20regular%3A700%3Anormal\u00a0\u00bb][vc_column_text]Les supports en acier de Nordstahl sont intemporels, de bon go\u00fbt et vous procurent des ann\u00e9es de bonheur. Les supports conviennent \u00e0 tous les int\u00e9rieurs, de l&rsquo;industriel au scandinave. Combinez les supports en acier avec les meubles et les \u00e9l\u00e9ments qui font de votre maison un vrai foyer. Rendez-le aussi solide, moderne ou robuste que vous le souhaitez. Les produits de Nordstahl se caract\u00e9risent par l&rsquo;utilisation de mat\u00e9riaux naturels, des d\u00e9tails authentiques et un savoir-faire artisanal.[\/vc_column_text][\/vc_column][vc_column width=\u00a0\u00bb1\/6&Prime;][\/vc_column][\/vc_row]<\/p>\n<\/div>","protected":false},"excerpt":{"rendered":"<p>[vc_row padding_top_multiplier=\u00a0\u00bb\u00a0\u00bb padding_bottom_multiplier=\u00a0\u00bb\u00a0\u00bb el_class=\u00a0\u00bbhome_slider\u00a0\u00bb][vc_column][rev_slider_vc alias=\u00a0\u00bbhomepagina\u00a0\u00bb][\/vc_column][\/vc_row][vc_row section_type=\u00a0\u00bbfullwidth\u00a0\u00bb padding_top_multiplier=\u00a0\u00bb\u00a0\u00bb columns_gap=\u00a0\u00bb15&Prime; el_class=\u00a0\u00bbfull-width home_menu_blokken\u00a0\u00bb][vc_column width=\u00a0\u00bb1\/3&Prime;][\/vc_column][vc_column width=\u00a0\u00bb1\/3&Prime;][\/vc_column][vc_column width=\u00a0\u00bb1\/3&Prime;][\/vc_column][\/vc_row][vc_row padding_top_multiplier=\u00a0\u00bb5x\u00a0\u00bb padding_bottom_multiplier=\u00a0\u00bb5x\u00a0\u00bb][vc_column width=\u00a0\u00bb1\/6&Prime;][\/vc_column][vc_column width=\u00a0\u00bb2\/3&Prime;][vc_custom_heading text=\u00a0\u00bbNordstahl &#8211; Dutch Design\u00a0\u00bb font_container=\u00a0\u00bbtag:h1|text_align:left|color:%233c3c3c\u00a0\u00bb google_fonts=\u00a0\u00bbfont_family:Roboto%20Slab%3A100%2C300%2Cregular%2C700|font_style:700%20bold%20regular%3A700%3Anormal\u00a0\u00bb][vc_column_text]Les supports en acier de Nordstahl sont intemporels, de bon go\u00fbt et vous procurent des ann\u00e9es de bonheur. Les supports conviennent \u00e0 tous les int\u00e9rieurs, de l&rsquo;industriel au scandinave. Combinez les supports en [&hellip;]<\/p>\n","protected":false},"author":1,"featured_media":0,"parent":0,"menu_order":0,"comment_status":"closed","ping_status":"closed","template":"","meta":{"footnotes":""},"categories":[],"tags":[],"class_list":["post-1916","page","type-page","status-publish","hentry"],"_links":{"self":[{"href":"https:\/\/www.nordstahl.com\/fr\/wp-json\/wp\/v2\/pages\/1916","targetHints":{"allow":["GET"]}}],"collection":[{"href":"https:\/\/www.nordstahl.com\/fr\/wp-json\/wp\/v2\/pages"}],"about":[{"href":"https:\/\/www.nordstahl.com\/fr\/wp-json\/wp\/v2\/types\/page"}],"author":[{"embeddable":true,"href":"https:\/\/www.nordstahl.com\/fr\/wp-json\/wp\/v2\/users\/1"}],"replies":[{"embeddable":true,"href":"https:\/\/www.nordstahl.com\/fr\/wp-json\/wp\/v2\/comments?post=1916"}],"version-history":[{"count":13,"href":"https:\/\/www.nordstahl.com\/fr\/wp-json\/wp\/v2\/pages\/1916\/revisions"}],"predecessor-version":[{"id":2812,"href":"https:\/\/www.nordstahl.com\/fr\/wp-json\/wp\/v2\/pages\/1916\/revisions\/2812"}],"wp:attachment":[{"href":"https:\/\/www.nordstahl.com\/fr\/wp-json\/wp\/v2\/media?parent=1916"}],"wp:term":[{"taxonomy":"category","embeddable":true,"href":"https:\/\/www.nordstahl.com\/fr\/wp-json\/wp\/v2\/categories?post=1916"},{"taxonomy":"post_tag","embeddable":true,"href":"https:\/\/www.nordstahl.com\/fr\/wp-json\/wp\/v2\/tags?post=1916"}],"curies":[{"name":"wp","href":"https:\/\/api.w.org\/{rel}","templated":true}]}}