{"id":1927,"date":"2018-01-10T11:06:27","date_gmt":"2018-01-10T10:06:27","guid":{"rendered":"https:\/\/www.nordstahl.com\/page-de-collection\/"},"modified":"2020-02-18T13:03:20","modified_gmt":"2020-02-18T12:03:20","slug":"page-de-collection","status":"publish","type":"page","link":"https:\/\/www.nordstahl.com\/fr\/page-de-collection\/","title":{"rendered":"Page de collection"},"content":{"rendered":"<div class=\"wpb-content-wrapper\"><p>[vc_row section_type=\u00a0\u00bbfullwidth\u00a0\u00bb padding_top_multiplier=\u00a0\u00bb\u00a0\u00bb el_class=\u00a0\u00bbcollectie_port\u00a0\u00bb][vc_column]\t\t\t<div class=\"grve-element grve-with-gap grve-portfolio grve-isotope\" style=\"\" data-spinner=\"no\" data-columns=\"4\" data-columns-large-screen=\"4\" data-columns-tablet-landscape=\"2\" data-columns-tablet-portrait=\"2\" data-columns-mobile=\"1\" data-layout=\"masonry\" data-gutter-size=\"15\">\r\n\t\t\r\n\t\t\t<div class=\"grve-isotope-container\">\r\n\t\t\t\t\t\t\t<article id=\"portfolio-1994-69ede8a920a88\" class=\"grve-isotope-item grve-portfolio-item grve-image-square post-1994 portfolio type-portfolio status-publish has-post-thumbnail hentry portfolio_category-collection-overview-fr\">\r\n\t\t\t\t\t\t<div class=\"grve-isotope-item-inner grve-hover-item grve-zoom-in grve-hover-style-4\">\t\t\t\t\t\t\t\t\t<figure class=\"grve-image-hover grve-media\">\r\n\t\t\t\t\t\t\t\t\t\t<a class=\"grve-item-url \" aria-label=\"Pieds de canap\u00e9\" href=\"https:\/\/www.nordstahl.com\/fr\/pieds-de-canape\/\" target=\"_self\"><\/a>\t\t\t\t\t\t\t\t\t\t\t\t\t\t\t\t\t\t\t\t\t<div class=\"grve-bg-light grve-hover-overlay grve-opacity-0\"><\/div>\r\n\t\t\t\t\t\t\t\t\t\t\t\t\t\t\t\t\t\t\t\t<img decoding=\"async\" width=\"560\" height=\"560\" data-src=\"https:\/\/www.nordstahl.com\/wp-content\/uploads\/2017\/01\/collectie_bankpoten-560x560.jpg\" class=\"attachment-movedo-grve-small-square size-movedo-grve-small-square lazyload\" alt=\"\" data-srcset=\"https:\/\/www.nordstahl.com\/wp-content\/uploads\/2017\/01\/collectie_bankpoten-560x560.jpg 560w, https:\/\/www.nordstahl.com\/wp-content\/uploads\/2017\/01\/collectie_bankpoten-150x150.jpg 150w, https:\/\/www.nordstahl.com\/wp-content\/uploads\/2017\/01\/collectie_bankpoten-300x300.jpg 300w, https:\/\/www.nordstahl.com\/wp-content\/uploads\/2017\/01\/collectie_bankpoten-768x768.jpg 768w, https:\/\/www.nordstahl.com\/wp-content\/uploads\/2017\/01\/collectie_bankpoten-1024x1024.jpg 1024w, https:\/\/www.nordstahl.com\/wp-content\/uploads\/2017\/01\/collectie_bankpoten-900x900.jpg 900w, https:\/\/www.nordstahl.com\/wp-content\/uploads\/2017\/01\/collectie_bankpoten.jpg 1183w\" data-sizes=\"(max-width: 560px) 100vw, 560px\" src=\"data:image\/svg+xml;base64,PHN2ZyB3aWR0aD0iMSIgaGVpZ2h0PSIxIiB4bWxucz0iaHR0cDovL3d3dy53My5vcmcvMjAwMC9zdmciPjwvc3ZnPg==\" style=\"--smush-placeholder-width: 560px; --smush-placeholder-aspect-ratio: 560\/560;\" \/>\t\t\t\t\t\t\t\t\t\t\t\t\t\t\t\t\t\t\t\t<figcaption class=\"grve-content grve-align-center grve-box-item grve-bg-white\">\r\n\t\t\t\t\t\t\t\t\t\t\t\t\t\t\t\t\t\t\t\t\t\t\t\t\t\t\t\t\t\t\t\t\t<h3 class=\"grve-title grve-text-black grve-h3\">Pieds de canap\u00e9<\/h3>\r\n\t\t\t\t\t\t\t\t\t\t\t\t\t\t\t\t\t\t\t\t\t\t\t\t\t\t\t\t\t\t\t\t\t\t\t\t\t\t\t\t\t\t\t\t\t\t\t\t\t\t\t\t\t\t\t\t\t\t\t\t\t\t\t\t\t<\/figcaption>\r\n\t\t\t\t\t\t\t\t\t\t\t\t\t\t\t\t\t\t\t<\/figure>\r\n\t\t\t\t\t\t\t\t\t\t\t\t\t<\/div>\r\n\t\t\t\t\t<\/article>\r\n\t\t\t\t\t<article id=\"portfolio-1993-69ede8a920f0e\" class=\"grve-isotope-item grve-portfolio-item grve-image-square post-1993 portfolio type-portfolio status-publish has-post-thumbnail hentry portfolio_category-collection-overview-fr\">\r\n\t\t\t\t\t\t<div class=\"grve-isotope-item-inner grve-hover-item grve-zoom-in grve-hover-style-4\">\t\t\t\t\t\t\t\t\t<figure class=\"grve-image-hover grve-media\">\r\n\t\t\t\t\t\t\t\t\t\t<a class=\"grve-item-url \" aria-label=\"Pieds de table basse\" href=\"https:\/\/www.nordstahl.com\/fr\/pieds-de-table-basse\/\" target=\"_self\"><\/a>\t\t\t\t\t\t\t\t\t\t\t\t\t\t\t\t\t\t\t\t\t<div class=\"grve-bg-light grve-hover-overlay grve-opacity-0\"><\/div>\r\n\t\t\t\t\t\t\t\t\t\t\t\t\t\t\t\t\t\t\t\t<img decoding=\"async\" width=\"560\" height=\"560\" data-src=\"https:\/\/www.nordstahl.com\/wp-content\/uploads\/2018\/01\/salontafelonderstellen-1-560x560.jpg\" class=\"attachment-movedo-grve-small-square size-movedo-grve-small-square lazyload\" alt=\"\" data-srcset=\"https:\/\/www.nordstahl.com\/wp-content\/uploads\/2018\/01\/salontafelonderstellen-1-560x560.jpg 560w, https:\/\/www.nordstahl.com\/wp-content\/uploads\/2018\/01\/salontafelonderstellen-1-150x150.jpg 150w, https:\/\/www.nordstahl.com\/wp-content\/uploads\/2018\/01\/salontafelonderstellen-1-900x900.jpg 900w\" data-sizes=\"(max-width: 560px) 100vw, 560px\" src=\"data:image\/svg+xml;base64,PHN2ZyB3aWR0aD0iMSIgaGVpZ2h0PSIxIiB4bWxucz0iaHR0cDovL3d3dy53My5vcmcvMjAwMC9zdmciPjwvc3ZnPg==\" style=\"--smush-placeholder-width: 560px; --smush-placeholder-aspect-ratio: 560\/560;\" \/>\t\t\t\t\t\t\t\t\t\t\t\t\t\t\t\t\t\t\t\t<figcaption class=\"grve-content grve-align-center grve-box-item grve-bg-white\">\r\n\t\t\t\t\t\t\t\t\t\t\t\t\t\t\t\t\t\t\t\t\t\t\t\t\t\t\t\t\t\t\t\t\t<h3 class=\"grve-title grve-text-black grve-h3\">Pieds de table basse<\/h3>\r\n\t\t\t\t\t\t\t\t\t\t\t\t\t\t\t\t\t\t\t\t\t\t\t\t\t\t\t\t\t\t\t\t\t\t\t\t\t\t\t\t\t\t\t\t\t\t\t\t\t\t\t\t\t\t\t\t\t\t\t\t\t\t\t\t\t<\/figcaption>\r\n\t\t\t\t\t\t\t\t\t\t\t\t\t\t\t\t\t\t\t<\/figure>\r\n\t\t\t\t\t\t\t\t\t\t\t\t\t<\/div>\r\n\t\t\t\t\t<\/article>\r\n\t\t\t\t\t<article id=\"portfolio-1992-69ede8a921154\" class=\"grve-isotope-item grve-portfolio-item grve-image-portrait post-1992 portfolio type-portfolio status-publish has-post-thumbnail hentry portfolio_category-collection-overview-fr\">\r\n\t\t\t\t\t\t<div class=\"grve-isotope-item-inner grve-hover-item grve-zoom-in grve-hover-style-4\">\t\t\t\t\t\t\t\t\t<figure class=\"grve-image-hover grve-media\">\r\n\t\t\t\t\t\t\t\t\t\t<a class=\"grve-item-url \" aria-label=\"Cadre d&rsquo;armoire\" href=\"https:\/\/www.nordstahl.com\/fr\/armoires\/\" target=\"_self\"><\/a>\t\t\t\t\t\t\t\t\t\t\t\t\t\t\t\t\t\t\t\t\t<div class=\"grve-bg-light grve-hover-overlay grve-opacity-0\"><\/div>\r\n\t\t\t\t\t\t\t\t\t\t\t\t\t\t\t\t\t\t\t\t<img decoding=\"async\" width=\"900\" height=\"900\" data-src=\"https:\/\/www.nordstahl.com\/wp-content\/uploads\/2017\/03\/collectie_kastframes2-900x900.jpg\" class=\"attachment-movedo-grve-medium-square size-movedo-grve-medium-square lazyload\" alt=\"\" data-srcset=\"https:\/\/www.nordstahl.com\/wp-content\/uploads\/2017\/03\/collectie_kastframes2-900x900.jpg 900w, https:\/\/www.nordstahl.com\/wp-content\/uploads\/2017\/03\/collectie_kastframes2-150x150.jpg 150w, https:\/\/www.nordstahl.com\/wp-content\/uploads\/2017\/03\/collectie_kastframes2-300x300.jpg 300w, https:\/\/www.nordstahl.com\/wp-content\/uploads\/2017\/03\/collectie_kastframes2-768x768.jpg 768w, https:\/\/www.nordstahl.com\/wp-content\/uploads\/2017\/03\/collectie_kastframes2-1024x1024.jpg 1024w, https:\/\/www.nordstahl.com\/wp-content\/uploads\/2017\/03\/collectie_kastframes2-560x560.jpg 560w, https:\/\/www.nordstahl.com\/wp-content\/uploads\/2017\/03\/collectie_kastframes2.jpg 1183w\" data-sizes=\"(max-width: 900px) 100vw, 900px\" src=\"data:image\/svg+xml;base64,PHN2ZyB3aWR0aD0iMSIgaGVpZ2h0PSIxIiB4bWxucz0iaHR0cDovL3d3dy53My5vcmcvMjAwMC9zdmciPjwvc3ZnPg==\" style=\"--smush-placeholder-width: 900px; --smush-placeholder-aspect-ratio: 900\/900;\" \/>\t\t\t\t\t\t\t\t\t\t\t\t\t\t\t\t\t\t\t\t<figcaption class=\"grve-content grve-align-center grve-box-item grve-bg-white\">\r\n\t\t\t\t\t\t\t\t\t\t\t\t\t\t\t\t\t\t\t\t\t\t\t\t\t\t\t\t\t\t\t\t\t<h3 class=\"grve-title grve-text-black grve-h3\">Cadre d&rsquo;armoire<\/h3>\r\n\t\t\t\t\t\t\t\t\t\t\t\t\t\t\t\t\t\t\t\t\t\t\t\t\t\t\t\t\t\t\t\t\t\t\t\t\t\t\t\t\t\t\t\t\t\t\t\t\t\t\t\t\t\t\t\t\t\t\t\t\t\t\t\t\t<\/figcaption>\r\n\t\t\t\t\t\t\t\t\t\t\t\t\t\t\t\t\t\t\t<\/figure>\r\n\t\t\t\t\t\t\t\t\t\t\t\t\t<\/div>\r\n\t\t\t\t\t<\/article>\r\n\t\t\t\t\t<article id=\"portfolio-1991-69ede8a921362\" class=\"grve-isotope-item grve-portfolio-item grve-image-square post-1991 portfolio type-portfolio status-publish has-post-thumbnail hentry portfolio_category-collection-overview-fr\">\r\n\t\t\t\t\t\t<div class=\"grve-isotope-item-inner grve-hover-item grve-zoom-in grve-hover-style-4\">\t\t\t\t\t\t\t\t\t<figure class=\"grve-image-hover grve-media\">\r\n\t\t\t\t\t\t\t\t\t\t<a class=\"grve-item-url \" aria-label=\"Accessoires\" href=\"https:\/\/www.nordstahl.com\/fr\/accessoires\/\" target=\"_self\"><\/a>\t\t\t\t\t\t\t\t\t\t\t\t\t\t\t\t\t\t\t\t\t<div class=\"grve-bg-light grve-hover-overlay grve-opacity-0\"><\/div>\r\n\t\t\t\t\t\t\t\t\t\t\t\t\t\t\t\t\t\t\t\t<img decoding=\"async\" width=\"560\" height=\"560\" data-src=\"https:\/\/www.nordstahl.com\/wp-content\/uploads\/2017\/04\/collectie_accessoires-1-560x560.jpg\" class=\"attachment-movedo-grve-small-square size-movedo-grve-small-square lazyload\" alt=\"\" data-srcset=\"https:\/\/www.nordstahl.com\/wp-content\/uploads\/2017\/04\/collectie_accessoires-1-560x560.jpg 560w, https:\/\/www.nordstahl.com\/wp-content\/uploads\/2017\/04\/collectie_accessoires-1-150x150.jpg 150w, https:\/\/www.nordstahl.com\/wp-content\/uploads\/2017\/04\/collectie_accessoires-1-300x300.jpg 300w, https:\/\/www.nordstahl.com\/wp-content\/uploads\/2017\/04\/collectie_accessoires-1-768x768.jpg 768w, https:\/\/www.nordstahl.com\/wp-content\/uploads\/2017\/04\/collectie_accessoires-1-1024x1024.jpg 1024w, https:\/\/www.nordstahl.com\/wp-content\/uploads\/2017\/04\/collectie_accessoires-1-900x900.jpg 900w, https:\/\/www.nordstahl.com\/wp-content\/uploads\/2017\/04\/collectie_accessoires-1.jpg 1577w\" data-sizes=\"(max-width: 560px) 100vw, 560px\" src=\"data:image\/svg+xml;base64,PHN2ZyB3aWR0aD0iMSIgaGVpZ2h0PSIxIiB4bWxucz0iaHR0cDovL3d3dy53My5vcmcvMjAwMC9zdmciPjwvc3ZnPg==\" style=\"--smush-placeholder-width: 560px; --smush-placeholder-aspect-ratio: 560\/560;\" \/>\t\t\t\t\t\t\t\t\t\t\t\t\t\t\t\t\t\t\t\t<figcaption class=\"grve-content grve-align-center grve-box-item grve-bg-white\">\r\n\t\t\t\t\t\t\t\t\t\t\t\t\t\t\t\t\t\t\t\t\t\t\t\t\t\t\t\t\t\t\t\t\t<h3 class=\"grve-title grve-text-black grve-h3\">Accessoires<\/h3>\r\n\t\t\t\t\t\t\t\t\t\t\t\t\t\t\t\t\t\t\t\t\t\t\t\t\t\t\t\t\t\t\t\t\t\t\t\t\t\t\t\t\t\t\t\t\t\t\t\t\t\t\t\t\t\t\t\t\t\t\t\t\t\t\t\t\t<\/figcaption>\r\n\t\t\t\t\t\t\t\t\t\t\t\t\t\t\t\t\t\t\t<\/figure>\r\n\t\t\t\t\t\t\t\t\t\t\t\t\t<\/div>\r\n\t\t\t\t\t<\/article>\r\n\t\t\t\t\t<article id=\"portfolio-1990-69ede8a921549\" class=\"grve-isotope-item grve-portfolio-item grve-image-landscape post-1990 portfolio type-portfolio status-publish has-post-thumbnail hentry portfolio_category-collection-overview-fr\">\r\n\t\t\t\t\t\t<div class=\"grve-isotope-item-inner grve-hover-item grve-zoom-in grve-hover-style-4\">\t\t\t\t\t\t\t\t\t<figure class=\"grve-image-hover grve-media\">\r\n\t\t\t\t\t\t\t\t\t\t<a class=\"grve-item-url \" aria-label=\"Les pieds de table\" href=\"https:\/\/www.nordstahl.com\/fr\/pieds-de-table\/\" target=\"_self\"><\/a>\t\t\t\t\t\t\t\t\t\t\t\t\t\t\t\t\t\t\t\t\t<div class=\"grve-bg-light grve-hover-overlay grve-opacity-0\"><\/div>\r\n\t\t\t\t\t\t\t\t\t\t\t\t\t\t\t\t\t\t\t\t<img decoding=\"async\" width=\"900\" height=\"900\" data-src=\"https:\/\/www.nordstahl.com\/wp-content\/uploads\/2017\/05\/tafelonderstellen2-900x900.jpg\" class=\"attachment-movedo-grve-medium-square size-movedo-grve-medium-square lazyload\" alt=\"\" data-srcset=\"https:\/\/www.nordstahl.com\/wp-content\/uploads\/2017\/05\/tafelonderstellen2-900x900.jpg 900w, https:\/\/www.nordstahl.com\/wp-content\/uploads\/2017\/05\/tafelonderstellen2-150x150.jpg 150w, https:\/\/www.nordstahl.com\/wp-content\/uploads\/2017\/05\/tafelonderstellen2-300x300.jpg 300w, https:\/\/www.nordstahl.com\/wp-content\/uploads\/2017\/05\/tafelonderstellen2-768x768.jpg 768w, https:\/\/www.nordstahl.com\/wp-content\/uploads\/2017\/05\/tafelonderstellen2-1024x1024.jpg 1024w, https:\/\/www.nordstahl.com\/wp-content\/uploads\/2017\/05\/tafelonderstellen2-560x560.jpg 560w, https:\/\/www.nordstahl.com\/wp-content\/uploads\/2017\/05\/tafelonderstellen2.jpg 1183w\" data-sizes=\"(max-width: 900px) 100vw, 900px\" src=\"data:image\/svg+xml;base64,PHN2ZyB3aWR0aD0iMSIgaGVpZ2h0PSIxIiB4bWxucz0iaHR0cDovL3d3dy53My5vcmcvMjAwMC9zdmciPjwvc3ZnPg==\" style=\"--smush-placeholder-width: 900px; --smush-placeholder-aspect-ratio: 900\/900;\" \/>\t\t\t\t\t\t\t\t\t\t\t\t\t\t\t\t\t\t\t\t<figcaption class=\"grve-content grve-align-center grve-box-item grve-bg-white\">\r\n\t\t\t\t\t\t\t\t\t\t\t\t\t\t\t\t\t\t\t\t\t\t\t\t\t\t\t\t\t\t\t\t\t<h3 class=\"grve-title grve-text-black grve-h3\">Les pieds de table<\/h3>\r\n\t\t\t\t\t\t\t\t\t\t\t\t\t\t\t\t\t\t\t\t\t\t\t\t\t\t\t\t\t\t\t\t\t\t\t\t\t\t\t\t\t\t\t\t\t\t\t\t\t\t\t\t\t\t\t\t\t\t\t\t\t\t\t\t\t<\/figcaption>\r\n\t\t\t\t\t\t\t\t\t\t\t\t\t\t\t\t\t\t\t<\/figure>\r\n\t\t\t\t\t\t\t\t\t\t\t\t\t<\/div>\r\n\t\t\t\t\t<\/article>\r\n\t\t\t\t\t<article id=\"portfolio-1989-69ede8a921753\" class=\"grve-isotope-item grve-portfolio-item grve-image-square post-1989 portfolio type-portfolio status-publish has-post-thumbnail hentry portfolio_category-collection-overview-fr portfolio_category-need_inspiration-fr\">\r\n\t\t\t\t\t\t<div class=\"grve-isotope-item-inner grve-hover-item grve-zoom-in grve-hover-style-4\">\t\t\t\t\t\t\t\t\t<figure class=\"grve-image-hover grve-media\">\r\n\t\t\t\t\t\t\t\t\t\t<a class=\"grve-item-url \" aria-label=\"Besoin d&rsquo;inspiration?\" href=\"https:\/\/www.nordstahl.com\/fr\/inspiration\" target=\"_self\"><\/a>\t\t\t\t\t\t\t\t\t\t\t\t\t\t\t\t\t\t\t\t\t<div class=\"grve-bg-light grve-hover-overlay grve-opacity-0\"><\/div>\r\n\t\t\t\t\t\t\t\t\t\t\t\t\t\t\t\t\t\t\t\t<img decoding=\"async\" width=\"560\" height=\"560\" data-src=\"https:\/\/www.nordstahl.com\/wp-content\/uploads\/2017\/06\/collectie_inspiratie-560x560.jpg\" class=\"attachment-movedo-grve-small-square size-movedo-grve-small-square lazyload\" alt=\"\" data-srcset=\"https:\/\/www.nordstahl.com\/wp-content\/uploads\/2017\/06\/collectie_inspiratie-560x560.jpg 560w, https:\/\/www.nordstahl.com\/wp-content\/uploads\/2017\/06\/collectie_inspiratie-150x150.jpg 150w, https:\/\/www.nordstahl.com\/wp-content\/uploads\/2017\/06\/collectie_inspiratie-300x300.jpg 300w, https:\/\/www.nordstahl.com\/wp-content\/uploads\/2017\/06\/collectie_inspiratie-768x768.jpg 768w, https:\/\/www.nordstahl.com\/wp-content\/uploads\/2017\/06\/collectie_inspiratie-1024x1024.jpg 1024w, https:\/\/www.nordstahl.com\/wp-content\/uploads\/2017\/06\/collectie_inspiratie-900x900.jpg 900w, https:\/\/www.nordstahl.com\/wp-content\/uploads\/2017\/06\/collectie_inspiratie.jpg 1183w\" data-sizes=\"(max-width: 560px) 100vw, 560px\" src=\"data:image\/svg+xml;base64,PHN2ZyB3aWR0aD0iMSIgaGVpZ2h0PSIxIiB4bWxucz0iaHR0cDovL3d3dy53My5vcmcvMjAwMC9zdmciPjwvc3ZnPg==\" style=\"--smush-placeholder-width: 560px; --smush-placeholder-aspect-ratio: 560\/560;\" \/>\t\t\t\t\t\t\t\t\t\t\t\t\t\t\t\t\t\t\t\t<figcaption class=\"grve-content grve-align-center grve-box-item grve-bg-white\">\r\n\t\t\t\t\t\t\t\t\t\t\t\t\t\t\t\t\t\t\t\t\t\t\t\t\t\t\t\t\t\t\t\t\t<h3 class=\"grve-title grve-text-black grve-h3\">Besoin d&rsquo;inspiration?<\/h3>\r\n\t\t\t\t\t\t\t\t\t\t\t\t\t\t\t\t\t\t\t\t\t\t\t\t\t\t\t\t\t\t\t\t\t\t\t\t\t\t\t\t\t\t\t\t\t\t\t\t\t\t\t\t\t\t\t\t\t\t\t\t\t\t\t\t\t<\/figcaption>\r\n\t\t\t\t\t\t\t\t\t\t\t\t\t\t\t\t\t\t\t<\/figure>\r\n\t\t\t\t\t\t\t\t\t\t\t\t\t<\/div>\r\n\t\t\t\t\t<\/article>\r\n\t\t\t\t<\/div>\r\n\t\t\t<\/div>\r\n\r\n\t\t[\/vc_column][\/vc_row][vc_row padding_top_multiplier=\u00a0\u00bb5x\u00a0\u00bb padding_bottom_multiplier=\u00a0\u00bb5x\u00a0\u00bb][vc_column width=\u00a0\u00bb1\/6&Prime;][\/vc_column][vc_column width=\u00a0\u00bb2\/3&Prime;][vc_custom_heading text=\u00a0\u00bbNotre collection compl\u00e8te permet \u00e0 chacun de trouver son bonheur\u00a0\u00bb font_container=\u00a0\u00bbtag:h1|text_align:left|color:%233c3c3c\u00a0\u00bb google_fonts=\u00a0\u00bbfont_family:Roboto%20Slab%3A100%2C300%2Cregular%2C700|font_style:700%20bold%20regular%3A700%3Anormal\u00a0\u00bb][vc_column_text]Notre collection a \u00e9t\u00e9 con\u00e7ue avec amour. Nous sommes inspir\u00e9s par les derni\u00e8res tendances en mati\u00e8re de modes de vie dans le monde entier. La collection de Nordstahl est \u00e9quip\u00e9e d&rsquo;un rev\u00eatement thermolaqu\u00e9 bleu acier mat qui donne \u00e0 l&rsquo;acier une couleur uniforme, mais lui conf\u00e8re aussi un aspect industriel r\u00e9sistant. Gr\u00e2ce au rev\u00eatement thermolaqu\u00e9, l&rsquo;acier ne se laisse pas de traces sur les v\u00eatements. Les supports de table et les supports de la collection Nordstahl peuvent facilement \u00eatre combin\u00e9s avec diff\u00e9rents types de bois, mais aussi avec de la pierre naturelle ou du b\u00e9ton. Jetez un coup d\u2019\u0153il \u00e0 la page d&rsquo;inspiration pour avoir un formidable \u00e9chantillon d&rsquo;inspiration![\/vc_column_text][\/vc_column][vc_column width=\u00a0\u00bb1\/6&Prime;][\/vc_column][\/vc_row]<\/p>\n<\/div>","protected":false},"excerpt":{"rendered":"<p>[vc_row section_type=\u00a0\u00bbfullwidth\u00a0\u00bb padding_top_multiplier=\u00a0\u00bb\u00a0\u00bb el_class=\u00a0\u00bbcollectie_port\u00a0\u00bb][vc_column][\/vc_column][\/vc_row][vc_row padding_top_multiplier=\u00a0\u00bb5x\u00a0\u00bb padding_bottom_multiplier=\u00a0\u00bb5x\u00a0\u00bb][vc_column width=\u00a0\u00bb1\/6&Prime;][\/vc_column][vc_column width=\u00a0\u00bb2\/3&Prime;][vc_custom_heading text=\u00a0\u00bbNotre collection compl\u00e8te permet \u00e0 chacun de trouver son bonheur\u00a0\u00bb font_container=\u00a0\u00bbtag:h1|text_align:left|color:%233c3c3c\u00a0\u00bb google_fonts=\u00a0\u00bbfont_family:Roboto%20Slab%3A100%2C300%2Cregular%2C700|font_style:700%20bold%20regular%3A700%3Anormal\u00a0\u00bb][vc_column_text]Notre collection a \u00e9t\u00e9 con\u00e7ue avec amour. Nous sommes inspir\u00e9s par les derni\u00e8res tendances en mati\u00e8re de modes de vie dans le monde entier. La collection de Nordstahl est \u00e9quip\u00e9e d&rsquo;un rev\u00eatement thermolaqu\u00e9 bleu acier mat [&hellip;]<\/p>\n","protected":false},"author":1,"featured_media":2815,"parent":0,"menu_order":0,"comment_status":"closed","ping_status":"closed","template":"","meta":{"footnotes":""},"categories":[],"tags":[],"class_list":["post-1927","page","type-page","status-publish","has-post-thumbnail","hentry"],"_links":{"self":[{"href":"https:\/\/www.nordstahl.com\/fr\/wp-json\/wp\/v2\/pages\/1927","targetHints":{"allow":["GET"]}}],"collection":[{"href":"https:\/\/www.nordstahl.com\/fr\/wp-json\/wp\/v2\/pages"}],"about":[{"href":"https:\/\/www.nordstahl.com\/fr\/wp-json\/wp\/v2\/types\/page"}],"author":[{"embeddable":true,"href":"https:\/\/www.nordstahl.com\/fr\/wp-json\/wp\/v2\/users\/1"}],"replies":[{"embeddable":true,"href":"https:\/\/www.nordstahl.com\/fr\/wp-json\/wp\/v2\/comments?post=1927"}],"version-history":[{"count":5,"href":"https:\/\/www.nordstahl.com\/fr\/wp-json\/wp\/v2\/pages\/1927\/revisions"}],"predecessor-version":[{"id":2814,"href":"https:\/\/www.nordstahl.com\/fr\/wp-json\/wp\/v2\/pages\/1927\/revisions\/2814"}],"wp:featuredmedia":[{"embeddable":true,"href":"https:\/\/www.nordstahl.com\/fr\/wp-json\/wp\/v2\/media\/2815"}],"wp:attachment":[{"href":"https:\/\/www.nordstahl.com\/fr\/wp-json\/wp\/v2\/media?parent=1927"}],"wp:term":[{"taxonomy":"category","embeddable":true,"href":"https:\/\/www.nordstahl.com\/fr\/wp-json\/wp\/v2\/categories?post=1927"},{"taxonomy":"post_tag","embeddable":true,"href":"https:\/\/www.nordstahl.com\/fr\/wp-json\/wp\/v2\/tags?post=1927"}],"curies":[{"name":"wp","href":"https:\/\/api.w.org\/{rel}","templated":true}]}}