{"id":1942,"date":"2018-02-19T11:34:44","date_gmt":"2018-02-19T10:34:44","guid":{"rendered":"https:\/\/www.nordstahl.com\/rejoignez-nous\/"},"modified":"2018-05-16T10:24:05","modified_gmt":"2018-05-16T08:24:05","slug":"rejoignez-nous","status":"publish","type":"page","link":"https:\/\/www.nordstahl.com\/fr\/rejoignez-nous\/","title":{"rendered":"Rejoignez-nous!"},"content":{"rendered":"<div class=\"wpb-content-wrapper\"><p>[vc_row padding_bottom_multiplier=\u00a0\u00bb3x\u00a0\u00bb][vc_column width=\u00a0\u00bb1\/2&Prime;][vc_single_image image=\u00a0\u00bb526&Prime; img_size=\u00a0\u00bbfull\u00a0\u00bb][\/vc_column][vc_column width=\u00a0\u00bb1\/2&Prime;][vc_custom_heading text=\u00a0\u00bbRevendeur\u00a0\u00bb font_container=\u00a0\u00bbtag:h2|text_align:left|color:%233c3c3c\u00a0\u00bb google_fonts=\u00a0\u00bbfont_family:Roboto%20Slab%3A100%2C300%2Cregular%2C700|font_style:700%20bold%20regular%3A700%3Anormal\u00a0\u00bb][vc_column_text]<strong>Boutique en ligne du revendeur:<\/strong><br \/>\nNous recherchons des points de vente appropri\u00e9s avec une boutique en ligne pour notre produit au sein de l&rsquo;UE. Si vous avez une boutique en ligne \u00e9l\u00e9gante, dans laquelle Nordstahl prendrait tout son sens, alors nous aimerions prendre contact avec vous. Nous offrons des prix int\u00e9ressants pour les revendeurs en Europe. Nous vous fournissons les photos des produits pour votre boutique en ligne et offrons des possibilit\u00e9s de dropshipping. Si vous \u00eates int\u00e9ress\u00e9 par nos conditions, veuillez envoyer un e-mail \u00e0 l&rsquo;adresse <a href=\"mailto:info@nordstahl.com\">info@nordstahl.com<\/a> en mentionnant les donn\u00e9es de votre soci\u00e9t\u00e9\/site web, et nous reviendrons vers vous dans les plus brefs d\u00e9lais.<\/p>\n<p><strong>Salle d&rsquo;exposition du revendeur:<\/strong><br \/>\nEn plus des points de vente sous forme de boutiques en ligne, nous sommes \u00e9galement \u00e0 la recherche de points de vente appropri\u00e9s avec une salle d&rsquo;exposition pour notre produit au sein de l&rsquo;UE. Si vous avez un joli magasin, nous aimerions vous contacter. Nous offrons des prix int\u00e9ressants pour les revendeurs en Europe. Si vous \u00eates int\u00e9ress\u00e9 par nos conditions, veuillez envoyer un e-mail \u00e0 l&rsquo;adresse <a href=\"mailto:info@nordstahl.com\">info@nordstahl.com<\/a> en mentionnant les donn\u00e9es de votre soci\u00e9t\u00e9, et nous reviendrons vers vous dans les plus brefs d\u00e9lais.[\/vc_column_text][\/vc_column][\/vc_row][vc_row][vc_column width=\u00a0\u00bb1\/2&Prime;][vc_custom_heading text=\u00a0\u00bbJoiner\u00a0\u00bb font_container=\u00a0\u00bbtag:h2|text_align:left|color:%233c3c3c\u00a0\u00bb google_fonts=\u00a0\u00bbfont_family:Roboto%20Slab%3A100%2C300%2Cregular%2C700|font_style:700%20bold%20regular%3A700%3Anormal\u00a0\u00bb][vc_column_text]Nous recherchons des menuisiers passionn\u00e9s qui aiment travailler avec des produits de haute qualit\u00e9. Nordstahl offre une grande vari\u00e9t\u00e9 de structures en acier pour les tables \u00e0 manger, les tables basses, les canap\u00e9s, les armoires et autres accessoires pour la maison. Gr\u00e2ce \u00e0 notre site web d&rsquo;inspiration, vous n&rsquo;avez pas \u00e0 g\u00e9rer des stocks importants, mais vous pouvez quand m\u00eame offrir \u00e0 vos clients un large assortiment. Nous nous occupons du marketing et vous t\u00e2chez de nous fournir un produit final parfait. Si vous souhaitez travailler avec nos produits sur notre page \u00ab where to buy \u00bb, veuillez envoyer un email \u00e0 l&rsquo;adresse <a href=\"mailto:info@nordstahl.com\">info@nordstahl.com<\/a> pour de plus amples d&rsquo;informations. Nous vous r\u00e9pondrons dans les plus brefs d\u00e9lais.[\/vc_column_text][\/vc_column][vc_column width=\u00a0\u00bb1\/2&Prime;][vc_single_image image=\u00a0\u00bb563&Prime; img_size=\u00a0\u00bbfull\u00a0\u00bb][\/vc_column][\/vc_row][vc_row][vc_column width=\u00a0\u00bb1\/4&Prime;][\/vc_column][vc_column width=\u00a0\u00bb1\/2&Prime;][vc_custom_heading text=\u00a0\u00bbExp\u00e9dition\u00a0\u00bb font_container=\u00a0\u00bbtag:h2|text_align:left|color:%233c3c3c\u00a0\u00bb google_fonts=\u00a0\u00bbfont_family:Roboto%20Slab%3A100%2C300%2Cregular%2C700|font_style:700%20bold%20regular%3A700%3Anormal\u00a0\u00bb][vc_column_text]Gr\u00e2ce aux mod\u00e8les d\u00e9montables, les produits de Nordstahl sont faciles \u00e0 exp\u00e9dier par le biais de soci\u00e9t\u00e9s de vente par correspondance. De plus, nous offrons des tarifs sp\u00e9ciaux pour les exp\u00e9ditions de palettes compl\u00e8tes. En plus de nos options d&rsquo;exp\u00e9dition et de ramassage standard, le dropshopping est \u00e9galement une option chez nous. [\/vc_column_text][\/vc_column][vc_column width=\u00a0\u00bb1\/4&Prime;][\/vc_column][\/vc_row]<\/p>\n<\/div>","protected":false},"excerpt":{"rendered":"<p>[vc_row padding_bottom_multiplier=\u00a0\u00bb3x\u00a0\u00bb][vc_column width=\u00a0\u00bb1\/2&Prime;][vc_single_image image=\u00a0\u00bb526&Prime; img_size=\u00a0\u00bbfull\u00a0\u00bb][\/vc_column][vc_column width=\u00a0\u00bb1\/2&Prime;][vc_custom_heading text=\u00a0\u00bbRevendeur\u00a0\u00bb font_container=\u00a0\u00bbtag:h2|text_align:left|color:%233c3c3c\u00a0\u00bb google_fonts=\u00a0\u00bbfont_family:Roboto%20Slab%3A100%2C300%2Cregular%2C700|font_style:700%20bold%20regular%3A700%3Anormal\u00a0\u00bb][vc_column_text]Boutique en ligne du revendeur: Nous recherchons des points de vente appropri\u00e9s avec une boutique en ligne pour notre produit au sein de l&rsquo;UE. Si vous avez une boutique en ligne \u00e9l\u00e9gante, dans laquelle Nordstahl prendrait tout son sens, alors nous aimerions prendre contact avec vous. Nous [&hellip;]<\/p>\n","protected":false},"author":1,"featured_media":0,"parent":0,"menu_order":0,"comment_status":"closed","ping_status":"closed","template":"","meta":{"footnotes":""},"categories":[],"tags":[],"class_list":["post-1942","page","type-page","status-publish","hentry"],"_links":{"self":[{"href":"https:\/\/www.nordstahl.com\/fr\/wp-json\/wp\/v2\/pages\/1942","targetHints":{"allow":["GET"]}}],"collection":[{"href":"https:\/\/www.nordstahl.com\/fr\/wp-json\/wp\/v2\/pages"}],"about":[{"href":"https:\/\/www.nordstahl.com\/fr\/wp-json\/wp\/v2\/types\/page"}],"author":[{"embeddable":true,"href":"https:\/\/www.nordstahl.com\/fr\/wp-json\/wp\/v2\/users\/1"}],"replies":[{"embeddable":true,"href":"https:\/\/www.nordstahl.com\/fr\/wp-json\/wp\/v2\/comments?post=1942"}],"version-history":[{"count":5,"href":"https:\/\/www.nordstahl.com\/fr\/wp-json\/wp\/v2\/pages\/1942\/revisions"}],"predecessor-version":[{"id":1947,"href":"https:\/\/www.nordstahl.com\/fr\/wp-json\/wp\/v2\/pages\/1942\/revisions\/1947"}],"wp:attachment":[{"href":"https:\/\/www.nordstahl.com\/fr\/wp-json\/wp\/v2\/media?parent=1942"}],"wp:term":[{"taxonomy":"category","embeddable":true,"href":"https:\/\/www.nordstahl.com\/fr\/wp-json\/wp\/v2\/categories?post=1942"},{"taxonomy":"post_tag","embeddable":true,"href":"https:\/\/www.nordstahl.com\/fr\/wp-json\/wp\/v2\/tags?post=1942"}],"curies":[{"name":"wp","href":"https:\/\/api.w.org\/{rel}","templated":true}]}}