{"id":1948,"date":"2018-01-11T14:21:06","date_gmt":"2018-01-11T13:21:06","guid":{"rendered":"https:\/\/www.nordstahl.com\/blog\/"},"modified":"2018-01-11T14:21:06","modified_gmt":"2018-01-11T13:21:06","slug":"blog","status":"publish","type":"page","link":"https:\/\/www.nordstahl.com\/fr\/blog\/","title":{"rendered":"Blog"},"content":{"rendered":"<div class=\"wpb-content-wrapper\"><p>[vc_row section_type=\u00a0\u00bbfullwidth\u00a0\u00bb el_class=\u00a0\u00bbblog_grid\u00a0\u00bb][vc_column]\t\t<div class=\"grve-element grve-blog grve-blog-columns grve-blog-grid grve-isotope grve-with-gap grve-with-shadow\" style=\"\" data-columns=\"3\" data-columns-large-screen=\"3\" data-columns-tablet-landscape=\"2\" data-columns-tablet-portrait=\"2\" data-columns-mobile=\"1\" data-layout=\"fitRows\" data-spinner=\"yes\" data-gutter-size=\"10\">\r\n\t\t\t<div class=\"grve-isotope-container\">\r\n\t\t\t<article class=\"grve-blog-item grve-isotope-item post-2004 post type-post status-publish format-standard has-post-thumbnail hentry category-blog-fr\" itemscope itemType=\"http:\/\/schema.org\/BlogPosting\">\r\n\t\t\t\t<div class=\"grve-blog-item-inner grve-isotope-item-inner\">\r\n\t\t\t\t\t\t\t\t\t\t\t\t\t<div class=\"grve-media\">\r\n\t\t\t<a class=\"grve-item-url\" href=\"https:\/\/www.nordstahl.com\/fr\/vivre-dans-laudace-avec-un-twist\/\" aria-label=\"Vivre dans l&rsquo;audace avec un twist\"><\/a>\r\n\t\t\t<img decoding=\"async\" width=\"560\" height=\"420\" data-src=\"https:\/\/www.nordstahl.com\/wp-content\/uploads\/2018\/03\/nordstahl2-e1520609683215-560x420.jpg\" class=\"attachment-movedo-grve-small-rect-horizontal size-movedo-grve-small-rect-horizontal wp-post-image lazyload\" alt=\"\" src=\"data:image\/svg+xml;base64,PHN2ZyB3aWR0aD0iMSIgaGVpZ2h0PSIxIiB4bWxucz0iaHR0cDovL3d3dy53My5vcmcvMjAwMC9zdmciPjwvc3ZnPg==\" style=\"--smush-placeholder-width: 560px; --smush-placeholder-aspect-ratio: 560\/420;\" \/>\t\t\t<div class=\"grve-bg-black grve-hover-overlay grve-opacity-10\"><\/div>\r\n\t\t<\/div>\r\n\t\t\t\t\t\t<div class=\"grve-post-content-wrapper\">\r\n\t\t\t\t\t\t\t<div class=\"grve-post-content\">\r\n\t\t\t\t\t\t\t\t<div class=\"grve-post-header\">\r\n\t\t\t\t\t\t\t\t\t\t\t\t\t\t\t\t\t\t\t\t<span class=\"grve-hidden\">\r\n\t\t\t<span class=\"grve-structured-data entry-title\">Vivre dans l&rsquo;audace avec un twist<\/span>\r\n\t\t\t<span class=\"grve-structured-data\" itemprop=\"image\" itemscope itemtype=\"http:\/\/schema.org\/ImageObject\">\r\n\t\t\t   <span itemprop='url' >https:\/\/www.nordstahl.com\/wp-content\/uploads\/2018\/03\/nordstahl2-e1520609683215.jpg<\/span>\r\n\t\t\t   <span itemprop='height' >640<\/span>\r\n\t\t\t   <span itemprop='width' >640<\/span>\r\n\t\t\t<\/span>\r\n\t\t\t\t\t\t<span class=\"grve-structured-data vcard author\" itemprop=\"author\" itemscope itemtype=\"http:\/\/schema.org\/Person\">\r\n\t\t\t\t<span itemprop=\"name\" class=\"fn\">Nordstahl<\/span>\r\n\t\t\t<\/span>\r\n\t\t\t<span class=\"grve-structured-data\" itemprop=\"publisher\" itemscope itemtype=\"http:\/\/schema.org\/Organization\">\r\n\t\t\t\t<span itemprop='name'>Nordstahl<\/span>\r\n\t\t\t\t<span itemprop='logo' itemscope itemtype='http:\/\/schema.org\/ImageObject'>\r\n\t\t\t\t\t<span itemprop='url'>\/\/www.nordstahl.com\/wp-content\/uploads\/2020\/05\/nordstahl-schild-small.png<\/span>\r\n\t\t\t\t<\/span>\r\n\t\t\t<\/span>\r\n\t\t\t\t\t\t<time class=\"grve-structured-data date published\" itemprop=\"datePublished\" datetime=\"2018-03-09T16:35:58+01:00\">9 mars 2018<\/time>\r\n\t\t\t<time class=\"grve-structured-data date updated\" itemprop=\"dateModified\"  datetime=\"2018-05-28T19:47:39+02:00\">28 mai 2018<\/time>\r\n\t\t\t<span class=\"grve-structured-data\" itemprop=\"mainEntityOfPage\" itemscope itemtype=\"http:\/\/schema.org\/WebPage\" itemid=\"https:\/\/www.nordstahl.com\/fr\/vivre-dans-laudace-avec-un-twist\/\"><\/span>\r\n\t\t<\/span>\r\n\t\t\t\t\t\t\t\t\t\t\t\t\t\t\t\t\t\t\t\t<ul class=\"grve-post-meta\">\r\n\t\t\t\t\t\t\t\t\t\t\t\t<li class=\"grve-post-author\">\r\n\t\t\t<span>nordstahl<\/span>\r\n\t\t<\/li>\r\n<li class=\"grve-post-date\">\t<time class=\"\" datetime=\"2018-03-09T16:35:58+01:00\">\r\n\t\t9 mars 2018\t<\/time>\r\n<\/li>\t<li class=\"grve-post-comments\">Aucun commentaire<\/li>\r\n\t\t\t\t\t\t\t\t\t\t<\/ul>\r\n\t\t\t\t\t\t\t\t\t\t\t\t\t\t\t\t\t\t\t\t\t\t\t\t\t\t\t<a href=\"https:\/\/www.nordstahl.com\/fr\/vivre-dans-laudace-avec-un-twist\/\" rel=\"bookmark\"><h2 class=\"grve-post-title grve-post-title-hover grve-h3\" itemprop=\"headline\">Vivre dans l&rsquo;audace avec un twist<\/h2><\/a>\t\t\t\t\t\t\t\t<\/div>\r\n\t\t\t\t\t\t\t\t<div itemprop=\"articleBody\"><p>Vivre dans l&rsquo;audace avec un twist J&rsquo;aime faire preuve d&rsquo;audace, mais de fa\u00e7on diff\u00e9rente. Cela signifie que je dois souvent chercher des choses \u00e0 faire dans la maison pendant longtemps, ou les faire moi-m\u00eame, parce que ces articles ne sont pas encore disponibles \u00e0 un\u2026<\/p><a class=\"grve-read-more grve-link-text grve-heading-color grve-text-hover-primary-1\" href=\"https:\/\/www.nordstahl.com\/fr\/vivre-dans-laudace-avec-un-twist\/\"><span>lire plus<\/span><\/a><\/div>\t\t\t\t\t\t\t<\/div>\r\n\t\t\t\t\t\t<\/div>\r\n\t\t\t\t\t\r\n\t\t\t\t<\/div>\t\t\t<\/article>\r\n\r\n\t\t\t<article class=\"grve-blog-item grve-isotope-item post-2003 post type-post status-publish format-standard has-post-thumbnail hentry category-blog-fr\" itemscope itemType=\"http:\/\/schema.org\/BlogPosting\">\r\n\t\t\t\t<div class=\"grve-blog-item-inner grve-isotope-item-inner\">\r\n\t\t\t\t\t\t\t\t\t\t\t\t\t<div class=\"grve-media\">\r\n\t\t\t<a class=\"grve-item-url\" href=\"https:\/\/www.nordstahl.com\/fr\/letagere-globe-je-suis-fan\/\" aria-label=\"L&rsquo;\u00e9tag\u00e8re Globe.. je suis fan!\"><\/a>\r\n\t\t\t<img decoding=\"async\" width=\"560\" height=\"420\" data-src=\"https:\/\/www.nordstahl.com\/wp-content\/uploads\/2018\/02\/Nordstahl_Huusvantruus02-560x420.jpg\" class=\"attachment-movedo-grve-small-rect-horizontal size-movedo-grve-small-rect-horizontal wp-post-image lazyload\" alt=\"\" data-srcset=\"https:\/\/www.nordstahl.com\/wp-content\/uploads\/2018\/02\/Nordstahl_Huusvantruus02-560x420.jpg 560w, https:\/\/www.nordstahl.com\/wp-content\/uploads\/2018\/02\/Nordstahl_Huusvantruus02-900x675.jpg 900w\" data-sizes=\"(max-width: 560px) 100vw, 560px\" src=\"data:image\/svg+xml;base64,PHN2ZyB3aWR0aD0iMSIgaGVpZ2h0PSIxIiB4bWxucz0iaHR0cDovL3d3dy53My5vcmcvMjAwMC9zdmciPjwvc3ZnPg==\" style=\"--smush-placeholder-width: 560px; --smush-placeholder-aspect-ratio: 560\/420;\" \/>\t\t\t<div class=\"grve-bg-black grve-hover-overlay grve-opacity-10\"><\/div>\r\n\t\t<\/div>\r\n\t\t\t\t\t\t<div class=\"grve-post-content-wrapper\">\r\n\t\t\t\t\t\t\t<div class=\"grve-post-content\">\r\n\t\t\t\t\t\t\t\t<div class=\"grve-post-header\">\r\n\t\t\t\t\t\t\t\t\t\t\t\t\t\t\t\t\t\t\t\t<span class=\"grve-hidden\">\r\n\t\t\t<span class=\"grve-structured-data entry-title\">L&rsquo;\u00e9tag\u00e8re Globe.. je suis fan!<\/span>\r\n\t\t\t<span class=\"grve-structured-data\" itemprop=\"image\" itemscope itemtype=\"http:\/\/schema.org\/ImageObject\">\r\n\t\t\t   <span itemprop='url' >https:\/\/www.nordstahl.com\/wp-content\/uploads\/2018\/02\/Nordstahl_Huusvantruus02.jpg<\/span>\r\n\t\t\t   <span itemprop='height' >1129<\/span>\r\n\t\t\t   <span itemprop='width' >945<\/span>\r\n\t\t\t<\/span>\r\n\t\t\t\t\t\t<span class=\"grve-structured-data vcard author\" itemprop=\"author\" itemscope itemtype=\"http:\/\/schema.org\/Person\">\r\n\t\t\t\t<span itemprop=\"name\" class=\"fn\">Nordstahl<\/span>\r\n\t\t\t<\/span>\r\n\t\t\t<span class=\"grve-structured-data\" itemprop=\"publisher\" itemscope itemtype=\"http:\/\/schema.org\/Organization\">\r\n\t\t\t\t<span itemprop='name'>Nordstahl<\/span>\r\n\t\t\t\t<span itemprop='logo' itemscope itemtype='http:\/\/schema.org\/ImageObject'>\r\n\t\t\t\t\t<span itemprop='url'>\/\/www.nordstahl.com\/wp-content\/uploads\/2020\/05\/nordstahl-schild-small.png<\/span>\r\n\t\t\t\t<\/span>\r\n\t\t\t<\/span>\r\n\t\t\t\t\t\t<time class=\"grve-structured-data date published\" itemprop=\"datePublished\" datetime=\"2018-02-12T15:00:45+01:00\">12 f\u00e9vrier 2018<\/time>\r\n\t\t\t<time class=\"grve-structured-data date updated\" itemprop=\"dateModified\"  datetime=\"2018-05-28T19:47:04+02:00\">28 mai 2018<\/time>\r\n\t\t\t<span class=\"grve-structured-data\" itemprop=\"mainEntityOfPage\" itemscope itemtype=\"http:\/\/schema.org\/WebPage\" itemid=\"https:\/\/www.nordstahl.com\/fr\/letagere-globe-je-suis-fan\/\"><\/span>\r\n\t\t<\/span>\r\n\t\t\t\t\t\t\t\t\t\t\t\t\t\t\t\t\t\t\t\t<ul class=\"grve-post-meta\">\r\n\t\t\t\t\t\t\t\t\t\t\t\t<li class=\"grve-post-author\">\r\n\t\t\t<span>admin<\/span>\r\n\t\t<\/li>\r\n<li class=\"grve-post-date\">\t<time class=\"\" datetime=\"2018-02-12T15:00:45+01:00\">\r\n\t\t12 f\u00e9vrier 2018\t<\/time>\r\n<\/li>\t<li class=\"grve-post-comments\">Aucun commentaire<\/li>\r\n\t\t\t\t\t\t\t\t\t\t<\/ul>\r\n\t\t\t\t\t\t\t\t\t\t\t\t\t\t\t\t\t\t\t\t\t\t\t\t\t\t\t<a href=\"https:\/\/www.nordstahl.com\/fr\/letagere-globe-je-suis-fan\/\" rel=\"bookmark\"><h2 class=\"grve-post-title grve-post-title-hover grve-h3\" itemprop=\"headline\">L&rsquo;\u00e9tag\u00e8re Globe.. je suis fan!<\/h2><\/a>\t\t\t\t\t\t\t\t<\/div>\r\n\t\t\t\t\t\t\t\t<div itemprop=\"articleBody\"><p>L&rsquo;\u00e9tag\u00e8re Globe.. je suis fan! Il y a une nouvelle marque dans la d\u00e9coration d&rsquo;int\u00e9rieur. Et quelle marque cool ! Tout ce que j&rsquo;aime ! Cette marque est branch\u00e9e, cool, belle et forte. Je suis d\u00e9j\u00e0 fan ! J&rsquo;ai re\u00e7u une belle lampe dans laquelle\u2026<\/p><a class=\"grve-read-more grve-link-text grve-heading-color grve-text-hover-primary-1\" href=\"https:\/\/www.nordstahl.com\/fr\/letagere-globe-je-suis-fan\/\"><span>lire plus<\/span><\/a><\/div>\t\t\t\t\t\t\t<\/div>\r\n\t\t\t\t\t\t<\/div>\r\n\t\t\t\t\t\r\n\t\t\t\t<\/div>\t\t\t<\/article>\r\n\r\n\t\t\t<\/div>\r\n\t\t<\/div>\r\n[\/vc_column][\/vc_row]<\/p>\n<\/div>","protected":false},"excerpt":{"rendered":"<p>[vc_row section_type=\u00a0\u00bbfullwidth\u00a0\u00bb el_class=\u00a0\u00bbblog_grid\u00a0\u00bb][vc_column][\/vc_column][\/vc_row]<\/p>\n","protected":false},"author":1,"featured_media":1872,"parent":0,"menu_order":0,"comment_status":"closed","ping_status":"closed","template":"","meta":{"footnotes":""},"categories":[364],"tags":[],"class_list":["post-1948","page","type-page","status-publish","has-post-thumbnail","hentry","category-blog-fr"],"_links":{"self":[{"href":"https:\/\/www.nordstahl.com\/fr\/wp-json\/wp\/v2\/pages\/1948","targetHints":{"allow":["GET"]}}],"collection":[{"href":"https:\/\/www.nordstahl.com\/fr\/wp-json\/wp\/v2\/pages"}],"about":[{"href":"https:\/\/www.nordstahl.com\/fr\/wp-json\/wp\/v2\/types\/page"}],"author":[{"embeddable":true,"href":"https:\/\/www.nordstahl.com\/fr\/wp-json\/wp\/v2\/users\/1"}],"replies":[{"embeddable":true,"href":"https:\/\/www.nordstahl.com\/fr\/wp-json\/wp\/v2\/comments?post=1948"}],"version-history":[{"count":0,"href":"https:\/\/www.nordstahl.com\/fr\/wp-json\/wp\/v2\/pages\/1948\/revisions"}],"wp:featuredmedia":[{"embeddable":true,"href":"https:\/\/www.nordstahl.com\/fr\/wp-json\/wp\/v2\/media\/1872"}],"wp:attachment":[{"href":"https:\/\/www.nordstahl.com\/fr\/wp-json\/wp\/v2\/media?parent=1948"}],"wp:term":[{"taxonomy":"category","embeddable":true,"href":"https:\/\/www.nordstahl.com\/fr\/wp-json\/wp\/v2\/categories?post=1948"},{"taxonomy":"post_tag","embeddable":true,"href":"https:\/\/www.nordstahl.com\/fr\/wp-json\/wp\/v2\/tags?post=1948"}],"curies":[{"name":"wp","href":"https:\/\/api.w.org\/{rel}","templated":true}]}}